{"id":37,"date":"2023-08-31T14:12:44","date_gmt":"2023-08-31T14:12:44","guid":{"rendered":"https:\/\/www2.gigant.cz\/?page_id=37"},"modified":"2023-09-04T10:16:26","modified_gmt":"2023-09-04T08:16:26","slug":"o-nas","status":"publish","type":"page","link":"https:\/\/www.gigant.cz\/?page_id=37","title":{"rendered":"O n\u00e1s"},"content":{"rendered":"\t\t<div data-elementor-type=\"wp-page\" data-elementor-id=\"37\" class=\"elementor elementor-37\">\n\t\t\t\t\t\t<section class=\"elementor-section elementor-top-section elementor-element elementor-element-abbd211 elementor-section-boxed elementor-section-height-default elementor-section-height-default\" data-id=\"abbd211\" data-element_type=\"section\" data-e-type=\"section\">\n\t\t\t\t\t\t<div class=\"elementor-container elementor-column-gap-default\">\n\t\t\t\t\t<div class=\"elementor-column elementor-col-100 elementor-top-column elementor-element elementor-element-6c7b4e0\" data-id=\"6c7b4e0\" data-element_type=\"column\" data-e-type=\"column\">\n\t\t\t<div class=\"elementor-widget-wrap elementor-element-populated\">\n\t\t\t\t\t\t<div class=\"elementor-element elementor-element-e5752ce elementor-widget elementor-widget-spacer\" data-id=\"e5752ce\" data-element_type=\"widget\" data-e-type=\"widget\" data-widget_type=\"spacer.default\">\n\t\t\t\t<div class=\"elementor-widget-container\">\n\t\t\t\t\t\t\t<div class=\"elementor-spacer\">\n\t\t\t<div class=\"elementor-spacer-inner\"><\/div>\n\t\t<\/div>\n\t\t\t\t\t\t<\/div>\n\t\t\t\t<\/div>\n\t\t\t\t\t<\/div>\n\t\t<\/div>\n\t\t\t\t\t<\/div>\n\t\t<\/section>\n\t\t\t\t<section class=\"elementor-section elementor-top-section elementor-element elementor-element-4095d88 elementor-section-boxed elementor-section-height-default elementor-section-height-default\" data-id=\"4095d88\" data-element_type=\"section\" data-e-type=\"section\" data-settings=\"{&quot;background_background&quot;:&quot;classic&quot;}\">\n\t\t\t\t\t\t<div class=\"elementor-container elementor-column-gap-default\">\n\t\t\t\t\t<div class=\"elementor-column elementor-col-100 elementor-top-column elementor-element elementor-element-7a1481e\" data-id=\"7a1481e\" data-element_type=\"column\" data-e-type=\"column\">\n\t\t\t<div class=\"elementor-widget-wrap elementor-element-populated\">\n\t\t\t\t\t\t<div class=\"elementor-element elementor-element-cd1be3c elementor-widget elementor-widget-spacer\" data-id=\"cd1be3c\" data-element_type=\"widget\" data-e-type=\"widget\" data-widget_type=\"spacer.default\">\n\t\t\t\t<div class=\"elementor-widget-container\">\n\t\t\t\t\t\t\t<div class=\"elementor-spacer\">\n\t\t\t<div class=\"elementor-spacer-inner\"><\/div>\n\t\t<\/div>\n\t\t\t\t\t\t<\/div>\n\t\t\t\t<\/div>\n\t\t\t\t\t<\/div>\n\t\t<\/div>\n\t\t\t\t\t<\/div>\n\t\t<\/section>\n\t\t\t\t<section class=\"elementor-section elementor-top-section elementor-element elementor-element-ffdee86 elementor-section-boxed elementor-section-height-default elementor-section-height-default\" data-id=\"ffdee86\" data-element_type=\"section\" data-e-type=\"section\" data-settings=\"{&quot;background_background&quot;:&quot;classic&quot;}\">\n\t\t\t\t\t\t<div class=\"elementor-container elementor-column-gap-default\">\n\t\t\t\t\t<div class=\"elementor-column elementor-col-33 elementor-top-column elementor-element elementor-element-77d4c22\" data-id=\"77d4c22\" data-element_type=\"column\" data-e-type=\"column\">\n\t\t\t<div class=\"elementor-widget-wrap elementor-element-populated\">\n\t\t\t\t\t\t<div class=\"elementor-element elementor-element-e5139ea elementor-widget elementor-widget-heading\" data-id=\"e5139ea\" data-element_type=\"widget\" data-e-type=\"widget\" data-widget_type=\"heading.default\">\n\t\t\t\t<div class=\"elementor-widget-container\">\n\t\t\t\t\t<h4 class=\"elementor-heading-title elementor-size-default\">Kdo jsme?<\/h4>\t\t\t\t<\/div>\n\t\t\t\t<\/div>\n\t\t\t\t\t<\/div>\n\t\t<\/div>\n\t\t\t\t<div class=\"elementor-column elementor-col-33 elementor-top-column elementor-element elementor-element-b1778e5\" data-id=\"b1778e5\" data-element_type=\"column\" data-e-type=\"column\">\n\t\t\t<div class=\"elementor-widget-wrap elementor-element-populated\">\n\t\t\t\t\t\t<div class=\"elementor-element elementor-element-786f530 elementor-widget elementor-widget-text-editor\" data-id=\"786f530\" data-element_type=\"widget\" data-e-type=\"widget\" data-widget_type=\"text-editor.default\">\n\t\t\t\t<div class=\"elementor-widget-container\">\n\t\t\t\t\t\t\t\t\t<p data-renderer-start-pos=\"378\">O firemn\u00ed IT se star\u00e1me od roku 2008. Tehdej\u0161\u00ed finan\u010dn\u00ed krize p\u0159inesla popt\u00e1vku po zm\u011bn\u011b CAPEXov\u00fdch v\u00fddaj\u016f za IT do OPEXov\u00fdch v\u00fddaj\u016f a z\u00e1rove\u0148 i popt\u00e1vku po \u00faspor\u00e1ch za provozn\u00ed v\u00fddaje.\u00a0<\/p><p data-renderer-start-pos=\"378\"><span style=\"background-color: var( --e-global-color-nvlightbg ); color: var( --e-global-color-text ); font-family: var( --e-global-typography-text-font-family ), Sans-serif; font-size: var(--bodyfontsize); font-weight: var( --e-global-typography-text-font-weight ); letter-spacing: var(--bodyletterspacing); text-transform: var(--bodytexttransform);\">Od po\u010d\u00e1tku slu\u017eby z oblasti spr\u00e1vy firemn\u00edho IT individualizujeme na pot\u0159eby ka\u017ed\u00e9ho z\u00e1kazn\u00edka. Na\u0161i z\u00e1kazn\u00edci nejv\u00edce vyu\u017e\u00edvaj\u00ed slu\u017eeb spr\u00e1vy koncov\u00fdch stanic, z\u00e1lohov\u00e1n\u00ed a slu\u017eeb IT asset managementu.\u00a0<\/span><\/p><p data-renderer-start-pos=\"378\"><span style=\"background-color: var( --e-global-color-nvlightbg ); color: var( --e-global-color-text ); font-family: var( --e-global-typography-text-font-family ), Sans-serif; font-size: var(--bodyfontsize); font-weight: var( --e-global-typography-text-font-weight ); letter-spacing: var(--bodyletterspacing); text-transform: var(--bodytexttransform);\">D\u00edky \u010dlenstv\u00ed ve skupin\u011b Geetoo z\u00e1kazn\u00edk\u016fm nab\u00edz\u00edme i slu\u017eby z oblasti navr\u017een\u00ed architektury cloudov\u00e9 infrastruktury a pron\u00e1jmu v\u00fdpo\u010detn\u00edho v\u00fdkonu, poradenstv\u00ed p\u0159i licencov\u00e1n\u00ed \u010di chytr\u00fd monitoring.<\/span><\/p>\t\t\t\t\t\t\t\t<\/div>\n\t\t\t\t<\/div>\n\t\t\t\t\t<\/div>\n\t\t<\/div>\n\t\t\t\t<div class=\"elementor-column elementor-col-33 elementor-top-column elementor-element elementor-element-32ee3a4\" data-id=\"32ee3a4\" data-element_type=\"column\" data-e-type=\"column\">\n\t\t\t<div class=\"elementor-widget-wrap\">\n\t\t\t\t\t\t\t<\/div>\n\t\t<\/div>\n\t\t\t\t\t<\/div>\n\t\t<\/section>\n\t\t\t\t<section class=\"elementor-section elementor-top-section elementor-element elementor-element-2739323 elementor-section-boxed elementor-section-height-default elementor-section-height-default\" data-id=\"2739323\" data-element_type=\"section\" data-e-type=\"section\" data-settings=\"{&quot;background_background&quot;:&quot;classic&quot;}\">\n\t\t\t\t\t\t<div class=\"elementor-container elementor-column-gap-default\">\n\t\t\t\t\t<div class=\"elementor-column elementor-col-100 elementor-top-column elementor-element elementor-element-f72cad7\" data-id=\"f72cad7\" data-element_type=\"column\" data-e-type=\"column\">\n\t\t\t<div class=\"elementor-widget-wrap elementor-element-populated\">\n\t\t\t\t\t\t<div class=\"elementor-element elementor-element-c78f09e elementor-widget elementor-widget-spacer\" data-id=\"c78f09e\" data-element_type=\"widget\" data-e-type=\"widget\" data-widget_type=\"spacer.default\">\n\t\t\t\t<div class=\"elementor-widget-container\">\n\t\t\t\t\t\t\t<div class=\"elementor-spacer\">\n\t\t\t<div class=\"elementor-spacer-inner\"><\/div>\n\t\t<\/div>\n\t\t\t\t\t\t<\/div>\n\t\t\t\t<\/div>\n\t\t\t\t\t<\/div>\n\t\t<\/div>\n\t\t\t\t\t<\/div>\n\t\t<\/section>\n\t\t\t\t<\/div>\n\t\t","protected":false},"excerpt":{"rendered":"<p>Kdo jsme? O firemn\u00ed IT se star\u00e1me od roku 2008. Tehdej\u0161\u00ed finan\u010dn\u00ed krize p\u0159inesla popt\u00e1vku po zm\u011bn\u011b CAPEXov\u00fdch v\u00fddaj\u016f za IT do OPEXov\u00fdch v\u00fddaj\u016f a z\u00e1rove\u0148 i popt\u00e1vku po \u00faspor\u00e1ch za provozn\u00ed v\u00fddaje.\u00a0 Od po\u010d\u00e1tku slu\u017eby z oblasti spr\u00e1vy firemn\u00edho IT individualizujeme na pot\u0159eby ka\u017ed\u00e9ho z\u00e1kazn\u00edka. Na\u0161i z\u00e1kazn\u00edci nejv\u00edce vyu\u017e\u00edvaj\u00ed slu\u017eeb spr\u00e1vy koncov\u00fdch stanic, z\u00e1lohov\u00e1n\u00ed&hellip;&nbsp;<\/p>\n","protected":false},"author":2,"featured_media":0,"parent":0,"menu_order":0,"comment_status":"closed","ping_status":"closed","template":"page-templates\/template-pagebuilder-full-width.php","meta":{"neve_meta_sidebar":"","neve_meta_container":"","neve_meta_enable_content_width":"","neve_meta_content_width":0,"neve_meta_title_alignment":"","neve_meta_author_avatar":"","neve_post_elements_order":"","neve_meta_disable_header":"","neve_meta_disable_footer":"on","neve_meta_disable_title":"","footnotes":""},"class_list":["post-37","page","type-page","status-publish","hentry"],"_links":{"self":[{"href":"https:\/\/www.gigant.cz\/index.php?rest_route=\/wp\/v2\/pages\/37","targetHints":{"allow":["GET"]}}],"collection":[{"href":"https:\/\/www.gigant.cz\/index.php?rest_route=\/wp\/v2\/pages"}],"about":[{"href":"https:\/\/www.gigant.cz\/index.php?rest_route=\/wp\/v2\/types\/page"}],"author":[{"embeddable":true,"href":"https:\/\/www.gigant.cz\/index.php?rest_route=\/wp\/v2\/users\/2"}],"replies":[{"embeddable":true,"href":"https:\/\/www.gigant.cz\/index.php?rest_route=%2Fwp%2Fv2%2Fcomments&post=37"}],"version-history":[{"count":25,"href":"https:\/\/www.gigant.cz\/index.php?rest_route=\/wp\/v2\/pages\/37\/revisions"}],"predecessor-version":[{"id":340,"href":"https:\/\/www.gigant.cz\/index.php?rest_route=\/wp\/v2\/pages\/37\/revisions\/340"}],"wp:attachment":[{"href":"https:\/\/www.gigant.cz\/index.php?rest_route=%2Fwp%2Fv2%2Fmedia&parent=37"}],"curies":[{"name":"wp","href":"https:\/\/api.w.org\/{rel}","templated":true}]}}